{"id":1665,"date":"2020-03-05T10:15:15","date_gmt":"2020-03-05T10:15:15","guid":{"rendered":"http:\/\/www.e-retailadvertising.com\/?page_id=1665"},"modified":"2025-12-04T12:49:05","modified_gmt":"2025-12-04T12:49:05","slug":"quienes-somos","status":"publish","type":"page","link":"https:\/\/www.e-retailadvertising.com\/index.php\/quienes-somos\/","title":{"rendered":"Qui\u00e9nes somos"},"content":{"rendered":"<div class=\"wpb-content-wrapper\"><p>[vc_row full_width=\u00bbstretch_row_content\u00bb animation=\u00bbfadeIn\u00bb animation_delay=\u00bb0.2s\u00bb parallax_speed=\u00bb0.8&#8243; enable_parallax=\u00bb\u00bb video_position=\u00bbtop\u00bb css=\u00bb.vc_custom_1685689895869{margin-bottom: 0px !important;padding-top: 75px !important;padding-bottom: 70px !important;background: #fafafa url(http:\/\/www.e-retailadvertising.com\/wp-content\/uploads\/2020\/02\/esampling_top2.jpg?id=1641) !important;}\u00bb][vc_column][vc_single_image image=\u00bb1925&#8243; img_size=\u00bbmedium\u00bb alignment=\u00bbcenter\u00bb][vc_column_text css=\u00bb.vc_custom_1753969714114{margin-top: 0px !important;padding-top: 0px !important;}\u00bb]<\/p>\n<h1 style=\"text-align: center; color: #fff; font-size: 48px;\">Qui\u00e9nes somos<\/h1>\n<p>[\/vc_column_text][vc_separator color=\u00bbcustom\u00bb border_width=\u00bb2&#8243; el_width=\u00bb20&#8243; css=\u00bb.vc_custom_1753862457336{margin-top: 0px !important;margin-bottom: 20px !important;}\u00bb accent_color=\u00bb#E81E75&#8243;][vc_column_text css=\u00bb\u00bb]<\/p>\n<h4 style=\"text-align: center; color: #ffffff;\">Somos agencia l\u00edder en la gesti\u00f3n exclusiva de soportes verticales y de comercio electr\u00f3nico premium.<\/h4>\n<p style=\"text-align: center; color: #ffffff;\"><strong>Damos total cobertura a las estrategias de generaci\u00f3n de leads gracias a nuestras propias bases de datos.<br \/>\nM\u00e1s de 400 sites, 6 MM de registros en BBDD as\u00ed como un alcance de 300K inserciones de muestras, d\u00edpticos o productos en pedidos provenientes de sites de e-commerce.<\/strong><\/p>\n<p>[\/vc_column_text][\/vc_column][\/vc_row][vc_row full_width=\u00bbstretch_row_content\u00bb disable_element=\u00bbyes\u00bb animation=\u00bbfadeIn\u00bb animation_delay=\u00bb0.2s\u00bb parallax_speed=\u00bb0.8&#8243; enable_parallax=\u00bb\u00bb video_position=\u00bbtop\u00bb css=\u00bb.vc_custom_1764852520865{margin-bottom: 0px !important;padding-top: 75px !important;padding-bottom: 0px !important;background-color: #fafafa !important;}\u00bb][vc_column el_class=\u00bbpages-style\u00bb][vc_column_text css=\u00bb.vc_custom_1753971305258{margin-bottom: 0px !important;padding-bottom: 0px !important;}\u00bb]<\/p>\n<h2 style=\"text-align: center;\">Nuestro equipo<\/h2>\n<p>[\/vc_column_text][vc_separator color=\u00bbcustom\u00bb border_width=\u00bb2&#8243; el_width=\u00bb10&#8243; css=\u00bb.vc_custom_1753863384811{margin-top: 10px !important;margin-bottom: 30px !important;}\u00bb accent_color=\u00bb#888888&#8243;][vc_row_inner][vc_column_inner width=\u00bb1\/4&#8243;][vc_single_image image=\u00bb2006&#8243; img_size=\u00bblarge\u00bb css=\u00bb\u00bb][vc_column_text css=\u00bb\u00bb el_class=\u00bberetail-team\u00bb]<\/p>\n<h3 style=\"text-align: center;\">Robert Nijeboer<\/h3>\n<p style=\"text-align: center;\">CEO<\/p>\n<p>[\/vc_column_text][\/vc_column_inner][vc_column_inner width=\u00bb1\/4&#8243;][vc_single_image image=\u00bb2003&#8243; img_size=\u00bblarge\u00bb css=\u00bb\u00bb][vc_column_text css=\u00bb\u00bb el_class=\u00bberetail-team\u00bb]<\/p>\n<h3 style=\"text-align: center;\">Nathalie Garc\u00eda<\/h3>\n<p style=\"text-align: center;\">Managing Director<\/p>\n<p>[\/vc_column_text][\/vc_column_inner][vc_column_inner width=\u00bb1\/4&#8243;][vc_single_image image=\u00bb2005&#8243; img_size=\u00bblarge\u00bb css=\u00bb\u00bb][vc_column_text css=\u00bb\u00bb el_class=\u00bberetail-team\u00bb]<\/p>\n<h3 style=\"text-align: center;\">Ana Mart\u00edn<\/h3>\n<p style=\"text-align: center;\">Head of administration<\/p>\n<p>[\/vc_column_text][\/vc_column_inner][vc_column_inner width=\u00bb1\/4&#8243;][vc_single_image image=\u00bb2160&#8243; img_size=\u00bblarge\u00bb css=\u00bb\u00bb][vc_column_text css=\u00bb\u00bb el_class=\u00bberetail-team\u00bb]<\/p>\n<h3 style=\"text-align: center;\">Andrea Ortega<\/h3>\n<p style=\"text-align: center;\">Head of International Business Development<\/p>\n<p>[\/vc_column_text][\/vc_column_inner][vc_column_inner width=\u00bb1\/4&#8243;][vc_single_image image=\u00bb2398&#8243; img_size=\u00bblarge\u00bb css=\u00bb\u00bb][vc_column_text css=\u00bb\u00bb el_class=\u00bberetail-team\u00bb]<\/p>\n<h3 style=\"text-align: center;\"><b>Iv\u00e1n Mart\u00edn<\/b><\/h3>\n<p style=\"text-align: center;\">Paid Media Specialist<\/p>\n<p>[\/vc_column_text][\/vc_column_inner][vc_column_inner width=\u00bb1\/4&#8243;][vc_single_image image=\u00bb2004&#8243; img_size=\u00bblarge\u00bb css=\u00bb\u00bb][vc_column_text css=\u00bb\u00bb el_class=\u00bberetail-team\u00bb]<\/p>\n<h3 style=\"text-align: center;\">M\u00f3nica Vivar<\/h3>\n<p style=\"text-align: center;\">\u00a0Senior Account Manager LATAM<\/p>\n<p>[\/vc_column_text][\/vc_column_inner][vc_column_inner width=\u00bb1\/4&#8243;][vc_single_image image=\u00bb2159&#8243; img_size=\u00bblarge\u00bb css=\u00bb\u00bb][vc_column_text css=\u00bb\u00bb el_class=\u00bberetail-team\u00bb]<\/p>\n<h3 style=\"text-align: center;\">Ana M\u00e1rquez<\/h3>\n<p style=\"text-align: center;\">Account Manager ES<\/p>\n<p>[\/vc_column_text][\/vc_column_inner][vc_column_inner width=\u00bb1\/4&#8243;][vc_single_image image=\u00bb2400&#8243; img_size=\u00bblarge\u00bb css=\u00bb\u00bb][vc_column_text css=\u00bb\u00bb el_class=\u00bberetail-team\u00bb]<\/p>\n<h3 style=\"text-align: center;\"><b><span lang=\"EN-US\">Olga G\u0105siorek<\/span><\/b><\/h3>\n<p style=\"text-align: center;\">Account Manager EU<\/p>\n<p>[\/vc_column_text][\/vc_column_inner][vc_column_inner width=\u00bb1\/4&#8243;][vc_single_image image=\u00bb1994&#8243; img_size=\u00bblarge\u00bb css=\u00bb\u00bb][vc_column_text css=\u00bb\u00bb el_class=\u00bberetail-team\u00bb]<\/p>\n<h3 style=\"text-align: center;\">Ana Fern\u00e1ndez<\/h3>\n<p style=\"text-align: center;\">Administrative Assistant<\/p>\n<p>[\/vc_column_text][\/vc_column_inner][vc_column_inner width=\u00bb1\/4&#8243;][vc_single_image image=\u00bb2399&#8243; img_size=\u00bblarge\u00bb css=\u00bb\u00bb][vc_column_text css=\u00bb\u00bb el_class=\u00bberetail-team\u00bb]<\/p>\n<h3 style=\"text-align: center;\">Angie Garc\u00eda<\/h3>\n<p style=\"text-align: center;\">Operations Assistant<\/p>\n<p>[\/vc_column_text][\/vc_column_inner][vc_column_inner width=\u00bb1\/4&#8243;][\/vc_column_inner][\/vc_row_inner][\/vc_column][\/vc_row][vc_row full_width=\u00bbstretch_row\u00bb animation=\u00bbfadeIn\u00bb animation_delay=\u00bb0.2s\u00bb parallax_speed=\u00bb0.8&#8243; enable_parallax=\u00bb\u00bb video_position=\u00bbtop\u00bb css=\u00bb.vc_custom_1753973151344{margin-bottom: 0px !important;padding-top: 40px !important;padding-bottom: 35px !important;background-color: #eeeeee !important;}\u00bb][vc_column width=\u00bb1\/2&#8243; css=\u00bb.vc_custom_1584964378669{background-color: #eeeeee !important;}\u00bb][vc_column_text css=\u00bb.vc_custom_1753346768370{margin-bottom: 10px !important;}\u00bb]<\/p>\n<h3 style=\"text-align: center;\">Visi\u00f3n<\/h3>\n<p>[\/vc_column_text][vc_separator color=\u00bbcustom\u00bb border_width=\u00bb2&#8243; el_width=\u00bb40&#8243; css=\u00bb.vc_custom_1753346363012{margin-top: 0px !important;margin-bottom: 30px !important;}\u00bb accent_color=\u00bb#E81E75&#8243;][vc_column_text css=\u00bb\u00bb]Estamos orientados principalmente a conseguir la excelencia con nuestra atenci\u00f3n al cliente, bajo criterios de m\u00e1xima calidad y compromiso en el cumplimiento de objetivos.<\/p>\n<p>En e-retail advertising, trabajamos en equipo y nos involucramos en todo el proceso porque los objetivos de nuestros clientes, tambi\u00e9n son los nuestros.[\/vc_column_text][\/vc_column][vc_column width=\u00bb1\/2&#8243; css=\u00bb.vc_custom_1584964409565{background-color: #eeeeee !important;}\u00bb][vc_column_text css=\u00bb.vc_custom_1753346773413{margin-bottom: 10px !important;}\u00bb]<\/p>\n<h3 style=\"text-align: center;\">Misi\u00f3n<\/h3>\n<p>[\/vc_column_text][vc_separator color=\u00bbcustom\u00bb border_width=\u00bb2&#8243; el_width=\u00bb40&#8243; css=\u00bb.vc_custom_1753346363012{margin-top: 0px !important;margin-bottom: 30px !important;}\u00bb accent_color=\u00bb#E81E75&#8243;][vc_column_text css=\u00bb\u00bb]Ser la referencia nacional en el sector del marketing y publicidad con una clara visi\u00f3n tecnol\u00f3gica orientada hacia el futuro en constante evoluci\u00f3n, donde la adaptaci\u00f3n y la flexibilidad son nuestras referencias para lograr ser una empresa competitiva, aportando valor en la gesti\u00f3n de servicios de publicidad.[\/vc_column_text][\/vc_column][\/vc_row][vc_row full_width=\u00bbstretch_row\u00bb animation=\u00bbfadeIn\u00bb animation_delay=\u00bb0.2s\u00bb parallax_speed=\u00bb0.8&#8243; enable_parallax=\u00bb\u00bb video_position=\u00bbtop\u00bb css=\u00bb.vc_custom_1753973145714{margin-top: 0px !important;margin-bottom: 0px !important;padding-top: 30px !important;padding-bottom: 30px !important;background: #e81e75 url(http:\/\/www.e-retailadvertising.com\/wp-content\/uploads\/2022\/01\/fondo_rosa.jpg?id=1958) !important;}\u00bb][vc_column width=\u00bb2\/3&#8243;][vc_column_text css=\u00bb\u00bb]<\/p>\n<h3 style=\"color: #efefef !important; text-align: left; font-size: 26px!important; letter-spacing: 0px;\">e-retail advertising<br \/>\n<span style=\"font-weight: 400 !important;\">Publicidad online efectiva<\/span><\/h3>\n<p>[\/vc_column_text][\/vc_column][vc_column width=\u00bb1\/3&#8243;]<style type=\"text\/css\">.thegem-button-69ef3e94031893448 .gem-button {font-size: 20px;padding-left: 30px;padding-right: 30px;}.thegem-button-69ef3e94031893448 .gem-button svg {fill: #FFFFFF;}.thegem-button-69ef3e94031893448 .gem-button:hover svg {fill: #E81E75;}<\/style><div class=\"gem-button-container gem-button-position-center thegem-button-69ef3e94031893448    \"  ><a title=\"Contacto\" class=\"gem-button gem-button-size-large gem-button-style-flat gem-button-text-weight-normal\" data-ll-effect=\"drop-right-without-wrap\" style=\"border-radius: 3px;background-color: #313131;color: #FFFFFF;\" onmouseleave=\"this.style.backgroundColor='#313131';this.style.color='#FFFFFF';\" onmouseenter=\"this.style.color='#E81E75';\" href=\"https:\/\/www.e-retailadvertising.com\/index.php\/contact-us\/\" target=\"_self\">Cont\u00e1ctanos<\/a><\/div> [\/vc_column][\/vc_row]<\/p>\n<\/div>","protected":false},"excerpt":{"rendered":"<p>[vc_row full_width=\u00bbstretch_row_content\u00bb animation=\u00bbfadeIn\u00bb animation_delay=\u00bb0.2s\u00bb parallax_speed=\u00bb0.8&#8243; enable_parallax=\u00bb\u00bb video_position=\u00bbtop\u00bb css=\u00bb.vc_custom_1685689895869{margin-bottom: 0px !important;padding-top: 75px !important;padding-bottom: 70px !important;background: #fafafa url(http:\/\/www.e-retailadvertising.com\/wp-content\/uploads\/2020\/02\/esampling_top2.jpg?id=1641) !important;}\u00bb][vc_column][vc_single_image image=\u00bb1925&#8243; img_size=\u00bbmedium\u00bb alignment=\u00bbcenter\u00bb][vc_column_text&#8230;<\/p>\n","protected":false},"author":2,"featured_media":0,"parent":0,"menu_order":0,"comment_status":"closed","ping_status":"closed","template":"","meta":{"footnotes":""},"class_list":["post-1665","page","type-page","status-publish"],"_links":{"self":[{"href":"https:\/\/www.e-retailadvertising.com\/index.php\/wp-json\/wp\/v2\/pages\/1665","targetHints":{"allow":["GET"]}}],"collection":[{"href":"https:\/\/www.e-retailadvertising.com\/index.php\/wp-json\/wp\/v2\/pages"}],"about":[{"href":"https:\/\/www.e-retailadvertising.com\/index.php\/wp-json\/wp\/v2\/types\/page"}],"author":[{"embeddable":true,"href":"https:\/\/www.e-retailadvertising.com\/index.php\/wp-json\/wp\/v2\/users\/2"}],"replies":[{"embeddable":true,"href":"https:\/\/www.e-retailadvertising.com\/index.php\/wp-json\/wp\/v2\/comments?post=1665"}],"version-history":[{"count":49,"href":"https:\/\/www.e-retailadvertising.com\/index.php\/wp-json\/wp\/v2\/pages\/1665\/revisions"}],"predecessor-version":[{"id":2405,"href":"https:\/\/www.e-retailadvertising.com\/index.php\/wp-json\/wp\/v2\/pages\/1665\/revisions\/2405"}],"wp:attachment":[{"href":"https:\/\/www.e-retailadvertising.com\/index.php\/wp-json\/wp\/v2\/media?parent=1665"}],"curies":[{"name":"wp","href":"https:\/\/api.w.org\/{rel}","templated":true}]}}