{"id":1797,"date":"2020-03-23T10:35:10","date_gmt":"2020-03-23T10:35:10","guid":{"rendered":"http:\/\/www.e-retailadvertising.com\/?page_id=1797"},"modified":"2026-01-28T15:39:13","modified_gmt":"2026-01-28T15:39:13","slug":"inicio","status":"publish","type":"page","link":"https:\/\/www.e-retailadvertising.com\/","title":{"rendered":"Inicio"},"content":{"rendered":"<div class=\"wpb-content-wrapper\"><p>[vc_row full_width=\u00bbstretch_row_content\u00bb parallax_speed=\u00bb0.8&#8243; enable_parallax=\u00bb\u00bb video_position=\u00bbtop\u00bb css=\u00bb.vc_custom_1769614720583{padding-top: 0px !important;padding-bottom: 0px !important;background-color: #303030 !important;}\u00bb][vc_column animation=\u00bbrollIn\u00bb css=\u00bb.vc_custom_1753344705813{padding-top: 0px !important;padding-bottom: 0px !important;}\u00bb]\n\t\t\t<!-- START Slider 1 REVOLUTION SLIDER 6.7.40 --><p class=\"rs-p-wp-fix\"><\/p>\n\t\t\t<rs-module-wrap id=\"rev_slider_2_1_wrapper\" data-source=\"gallery\" style=\"visibility:hidden;background:transparent;padding:0;margin:0px auto;margin-top:0;margin-bottom:0;\">\n\t\t\t\t<rs-module id=\"rev_slider_2_1\" style=\"\" data-version=\"6.7.40\">\n\t\t\t\t\t<rs-slides style=\"overflow: hidden; position: absolute;\">\n\t\t\t\t\t\t<rs-slide style=\"position: absolute;\" data-key=\"rs-2\" data-title=\"Slide\" data-anim=\"ms:10;\" data-in=\"o:1;\" data-out=\"a:false;\">\n\t\t\t\t\t\t\t<img src=\"\/\/www.e-retailadvertising.com\/wp-content\/uploads\/2026\/01\/slider-eretail.jpg\" alt=\"\" title=\"slider-eretail\" width=\"2000\" height=\"1279\" class=\"rev-slidebg tp-rs-img\" data-panzoom=\"d:10000;ss:100%;se:110%;os:0\/-60px;oe:0\/20px;\" data-no-retina>\n<!--\n\t\t\t\t\t\t\t--><rs-layer\n\t\t\t\t\t\t\t\tid=\"slider-2-slide-2-layer-0\" \n\t\t\t\t\t\t\t\tdata-type=\"text\"\n\t\t\t\t\t\t\t\tdata-color=\"#ffffff\"\n\t\t\t\t\t\t\t\tdata-tsh=\"c:rgba(0,0,0,0.5);b:10px;\"\n\t\t\t\t\t\t\t\tdata-rsp_ch=\"on\"\n\t\t\t\t\t\t\t\tdata-xy=\"x:c;y:150px;\"\n\t\t\t\t\t\t\t\tdata-text=\"w:normal;s:50;l:59;fw:700;a:center;\"\n\t\t\t\t\t\t\t\tdata-frame_0=\"y:-50;\"\n\t\t\t\t\t\t\t\tdata-frame_1=\"st:110;sp:1000;\"\n\t\t\t\t\t\t\t\tdata-frame_999=\"o:0;st:w;sR:8290;\"\n\t\t\t\t\t\t\t\tstyle=\"z-index:8;font-family:'Raleway';\"\n\t\t\t\t\t\t\t>DATA. IMPACTOS. MICROSEGMENTACI\u00d3N. <BR> NOTORIEDAD. PERFORMANCE. <BR>LEAD GENERATION. BASES DE DATOS \n\t\t\t\t\t\t\t<\/rs-layer><!--\n\n\t\t\t\t\t\t\t--><rs-layer\n\t\t\t\t\t\t\t\tid=\"slider-2-slide-2-layer-1\" \n\t\t\t\t\t\t\t\tdata-type=\"text\"\n\t\t\t\t\t\t\t\tdata-color=\"#ffffff\"\n\t\t\t\t\t\t\t\tdata-rsp_ch=\"on\"\n\t\t\t\t\t\t\t\tdata-xy=\"x:c;y:334px;\"\n\t\t\t\t\t\t\t\tdata-text=\"w:normal;s:28;l:59;fw:500;a:center;\"\n\t\t\t\t\t\t\t\tdata-frame_0=\"y:50;\"\n\t\t\t\t\t\t\t\tdata-frame_1=\"st:610;sp:1000;\"\n\t\t\t\t\t\t\t\tdata-frame_999=\"o:0;st:w;sR:7920;\"\n\t\t\t\t\t\t\t\tstyle=\"z-index:7;font-family:'Raleway';\"\n\t\t\t\t\t\t\t>Especialistas en performance y generaci\u00f3n de leads con canales propios \n\t\t\t\t\t\t\t<\/rs-layer><!--\n\n\t\t\t\t\t\t\t--><rs-layer\n\t\t\t\t\t\t\t\tid=\"slider-2-slide-2-layer-2\" \n\t\t\t\t\t\t\t\tdata-type=\"shape\"\n\t\t\t\t\t\t\t\tdata-rsp_ch=\"on\"\n\t\t\t\t\t\t\t\tdata-text=\"w:normal;\"\n\t\t\t\t\t\t\t\tdata-dim=\"w:100%;h:100%;\"\n\t\t\t\t\t\t\t\tdata-basealign=\"slide\"\n\t\t\t\t\t\t\t\tdata-frame_999=\"o:0;st:w;\"\n\t\t\t\t\t\t\t\tstyle=\"z-index:6;background-color:rgba(40,0,23,0.28);\"\n\t\t\t\t\t\t\t> \n\t\t\t\t\t\t\t<\/rs-layer><!--\n-->\t\t\t\t\t<\/rs-slide>\n\t\t\t\t\t<\/rs-slides>\n\t\t\t\t<\/rs-module>\n\t\t\t\t<script>\n\t\t\t\t\tsetREVStartSize({c: 'rev_slider_2_1',rl:[1240,1024,778,480],el:[650],gw:[1240],gh:[650],type:'standard',justify:'',layout:'fullwidth',mh:\"0\"});if (window.RS_MODULES!==undefined && window.RS_MODULES.modules!==undefined && window.RS_MODULES.modules[\"revslider21\"]!==undefined) {window.RS_MODULES.modules[\"revslider21\"].once = false;window.revapi2 = undefined;if (window.RS_MODULES.checkMinimal!==undefined) window.RS_MODULES.checkMinimal()}\n\t\t\t\t<\/script>\n\t\t\t<\/rs-module-wrap>\n\t\t\t<!-- END REVOLUTION SLIDER -->\n[\/vc_column][\/vc_row][vc_row full_width=\u00bbstretch_row\u00bb animation=\u00bbfadeIn\u00bb animation_delay=\u00bb0.2s\u00bb parallax_speed=\u00bb0.8&#8243; enable_parallax=\u00bb\u00bb video_position=\u00bbtop\u00bb css=\u00bb.vc_custom_1584968528827{margin-top: -5px !important;margin-bottom: 0px !important;background-color: #ffffff !important;}\u00bb][vc_column css=\u00bb.vc_custom_1643039463111{margin-bottom: 0px !important;}\u00bb][vc_empty_space][vc_single_image image=\u00bb2071&#8243; img_size=\u00bbmedium\u00bb alignment=\u00bbcenter\u00bb css=\u00bb.vc_custom_1643038818878{padding-top: 5px !important;padding-bottom: 5px !important;}\u00bb][vc_column_text css=\u00bb\u00bb]<\/p>\n<h3 style=\"text-align: center;\">Somos una agencia de marketing y publicidad digital, especialistas en performance, email marketing y lead generation.<\/h3>\n<p style=\"text-align: center;\">Adem\u00e1s, gestionamos sites de alta notoriedad del sector de e-commerce, generalistas y de tem\u00e1ticas. Esto nos permite llegar a todo tipo de perfiles, gracias a nuestras bases de datos, nuestro volumen de usuarios \u00fanicos en la red y la data de 1st party.<\/p>\n<p>[\/vc_column_text][vc_separator color=\u00bbcustom\u00bb border_width=\u00bb2&#8243; el_width=\u00bb20&#8243; css=\u00bb.vc_custom_1753345657435{margin-top: 30px !important;margin-bottom: 30px !important;}\u00bb accent_color=\u00bb#E81E75&#8243;][\/vc_column][\/vc_row][vc_row][vc_column][vc_column_text]<\/p>\n<p>&nbsp;<\/p>\n<p>[\/vc_column_text][\/vc_column][\/vc_row][vc_row full_width=\u00bbstretch_row\u00bb animation=\u00bbfadeIn\u00bb animation_delay=\u00bb0.2s\u00bb parallax_speed=\u00bb0.8&#8243; enable_parallax=\u00bb\u00bb video_position=\u00bbtop\u00bb css=\u00bb.vc_custom_1584979182582{padding-top: 50px !important;padding-bottom: 1px !important;background-color: #fafafa !important;}\u00bb][vc_column width=\u00bb1\/4&#8243;][vc_single_image image=\u00bb2126&#8243; img_size=\u00bbfull\u00bb css=\u00bb.vc_custom_1753345994624{padding-bottom: 20px !important;}\u00bb][vc_column_text css=\u00bb.vc_custom_1753346319362{margin-bottom: 10px !important;}\u00bb]<\/p>\n<h4 style=\"text-align: center;\">Branding<\/h4>\n<p>[\/vc_column_text][vc_separator color=\u00bbcustom\u00bb border_width=\u00bb2&#8243; el_width=\u00bb40&#8243; css=\u00bb.vc_custom_1753346363012{margin-top: 0px !important;margin-bottom: 30px !important;}\u00bb accent_color=\u00bb#E81E75&#8243;][vc_column_text css=\u00bb\u00bb]<\/p>\n<p style=\"text-align: center;\">A trav\u00e9s de nuestros soportes premium de e-commerce y los m\u00e1s de 3 MM de usuarios de sus bases de datos, planificamos campa\u00f1as teniendo en cuenta la cobertura y la notoriedad de la marca.<\/p>\n<p>[\/vc_column_text][\/vc_column][vc_column width=\u00bb1\/4&#8243;][vc_single_image image=\u00bb2127&#8243; img_size=\u00bbfull\u00bb css=\u00bb.vc_custom_1753345997703{padding-bottom: 20px !important;}\u00bb][vc_column_text css=\u00bb.vc_custom_1753346386091{margin-bottom: 10px !important;}\u00bb]<\/p>\n<h4 style=\"text-align: center;\">Performance y lead generation<\/h4>\n<p>[\/vc_column_text][vc_separator color=\u00bbcustom\u00bb border_width=\u00bb2&#8243; el_width=\u00bb40&#8243; css=\u00bb.vc_custom_1753346363012{margin-top: 0px !important;margin-bottom: 30px !important;}\u00bb accent_color=\u00bb#E81E75&#8243;][vc_column_text]<\/p>\n<p style=\"text-align: center;\">Planificamos campa\u00f1as orientadas 100% a resultados. Ofrecemos a nuestros anunciantes la posibilidad de llegar a m\u00e1s de 6 MM de usuarios cualificados en email marketing y m\u00e1s de 30 MM de usuarios \u00fanicos en nuestra red.<\/p>\n<p>[\/vc_column_text][\/vc_column][vc_column width=\u00bb1\/4&#8243;][vc_single_image image=\u00bb2125&#8243; img_size=\u00bbfull\u00bb css=\u00bb.vc_custom_1753346000402{padding-bottom: 20px !important;}\u00bb][vc_column_text css=\u00bb.vc_custom_1753346413408{margin-bottom: 10px !important;}\u00bb]<\/p>\n<h4 style=\"text-align: center;\">e-Sampling<\/h4>\n<p>[\/vc_column_text][vc_separator color=\u00bbcustom\u00bb border_width=\u00bb2&#8243; el_width=\u00bb40&#8243; css=\u00bb.vc_custom_1753346363012{margin-top: 0px !important;margin-bottom: 30px !important;}\u00bb accent_color=\u00bb#E81E75&#8243;][vc_column_text]<\/p>\n<p style=\"text-align: center;\">e-retail advertising, ofrece a sus clientes una forma innovadora de hacer sampling, enviando muestras gratuitas con pedidos online generados en nuestra red de soportes premium.<\/p>\n<p>[\/vc_column_text][\/vc_column][vc_column width=\u00bb1\/4&#8243;][vc_single_image image=\u00bb2124&#8243; img_size=\u00bbfull\u00bb css=\u00bb.vc_custom_1753346003225{padding-bottom: 20px !important;}\u00bb][vc_column_text css=\u00bb.vc_custom_1753346427843{margin-bottom: 10px !important;}\u00bb]<\/p>\n<h4 style=\"text-align: center;\">Monetizaci\u00f3n<\/h4>\n<p>[\/vc_column_text][vc_separator color=\u00bbcustom\u00bb border_width=\u00bb2&#8243; el_width=\u00bb40&#8243; css=\u00bb.vc_custom_1753346363012{margin-top: 0px !important;margin-bottom: 30px !important;}\u00bb accent_color=\u00bb#E81E75&#8243;][vc_column_text]<\/p>\n<p style=\"text-align: center;\">Sabemos que estamos ante una nueva realidad. La publicidad digital y la entrada en escena del Data Driven han logrado provocar una revoluci\u00f3n del RTB y la eficacia de la anal\u00edtica web. Ambas se unen para conectar con el usuario en el momento y contexto adecuado<\/p>\n<p>[\/vc_column_text][\/vc_column][\/vc_row][vc_row full_width=\u00bbstretch_row\u00bb animation=\u00bbfadeIn\u00bb animation_delay=\u00bb0.2s\u00bb parallax_speed=\u00bb0.8&#8243; enable_parallax=\u00bb\u00bb video_position=\u00bbtop\u00bb css=\u00bb.vc_custom_1584961743558{margin-bottom: 0px !important;padding-top: 1px !important;padding-bottom: 10px !important;background: #fafafa url(http:\/\/www.e-retailadvertising.com\/wp-content\/uploads\/2020\/03\/gente2.jpg?id=1788) !important;}\u00bb][vc_column][vc_empty_space][vc_single_image image=\u00bb1925&#8243; alignment=\u00bbcenter\u00bb][vc_empty_space][vc_column_text css=\u00bb\u00bb]<\/p>\n<h3 style=\"text-align: center; color: #dedede !important;\">Qui\u00e9nes somos<\/h3>\n<p style=\"text-align: center; color: #dedede !important;\">Desde el 2008 y gracias a nuestra expansi\u00f3n internacional en Europa y Latinoam\u00e9rica no hemos dejado de incrementar servicios a nuestro portfolio, especializados en performance y lead generation, data, monetizaci\u00f3n y nuestro producto e-sampling.<\/p>\n<p style=\"text-align: center; color: #dedede !important;\"><strong>Somos agencia l\u00edder en la gesti\u00f3n exclusiva de soportes verticales y de comercio electr\u00f3nico premium.<\/strong><\/p>\n<p style=\"text-align: center; color: #dedede !important;\">Damos total cobertura a las estrategias de generaci\u00f3n de leads gracias a nuestras propias bases de datos.<\/p>\n<p>[\/vc_column_text][vc_separator color=\u00bbcustom\u00bb border_width=\u00bb2&#8243; el_width=\u00bb20&#8243; css=\u00bb.vc_custom_1753345657435{margin-top: 30px !important;margin-bottom: 30px !important;}\u00bb accent_color=\u00bb#E81E75&#8243;][\/vc_column][\/vc_row][vc_row full_width=\u00bbstretch_row\u00bb animation=\u00bbfadeIn\u00bb animation_delay=\u00bb0.2s\u00bb parallax_speed=\u00bb0.8&#8243; enable_parallax=\u00bb\u00bb video_position=\u00bbtop\u00bb css=\u00bb.vc_custom_1584964342198{padding-top: 40px !important;padding-bottom: 35px !important;background-color: #eeeeee !important;}\u00bb][vc_column width=\u00bb1\/2&#8243; css=\u00bb.vc_custom_1584964378669{background-color: #eeeeee !important;}\u00bb][vc_column_text css=\u00bb.vc_custom_1753346768370{margin-bottom: 10px !important;}\u00bb]<\/p>\n<h3 style=\"text-align: center;\">Visi\u00f3n<\/h3>\n<p>[\/vc_column_text][vc_separator color=\u00bbcustom\u00bb border_width=\u00bb2&#8243; el_width=\u00bb40&#8243; css=\u00bb.vc_custom_1753346363012{margin-top: 0px !important;margin-bottom: 30px !important;}\u00bb accent_color=\u00bb#E81E75&#8243;][vc_column_text css=\u00bb\u00bb]e-retail advertising est\u00e1 orientada principalmente a conseguir la excelencia en la atenci\u00f3n al cliente, bajo criterios de m\u00e1xima calidad y compromiso en el cumplimiento de objetivos de nuestros clientes.[\/vc_column_text][\/vc_column][vc_column width=\u00bb1\/2&#8243; css=\u00bb.vc_custom_1584964409565{background-color: #eeeeee !important;}\u00bb][vc_column_text css=\u00bb.vc_custom_1753346773413{margin-bottom: 10px !important;}\u00bb]<\/p>\n<h3 style=\"text-align: center;\">Misi\u00f3n<\/h3>\n<p>[\/vc_column_text][vc_separator color=\u00bbcustom\u00bb border_width=\u00bb2&#8243; el_width=\u00bb40&#8243; css=\u00bb.vc_custom_1753346363012{margin-top: 0px !important;margin-bottom: 30px !important;}\u00bb accent_color=\u00bb#E81E75&#8243;][vc_column_text css=\u00bb\u00bb]Ser la referencia nacional en el sector del marketing y publicidad con una clara visi\u00f3n tecnol\u00f3gica orientada hacia el futuro en constante evoluci\u00f3n, donde la adaptaci\u00f3n y la flexibilidad son nuestras referencias para lograr ser una empresa competitiva, aportando valor en la gesti\u00f3n de servicios de publicidad.[\/vc_column_text][\/vc_column][\/vc_row][vc_row full_width=\u00bbstretch_row\u00bb animation=\u00bbfadeIn\u00bb animation_delay=\u00bb0.2s\u00bb parallax_speed=\u00bb0.8&#8243; enable_parallax=\u00bb\u00bb video_position=\u00bbtop\u00bb css=\u00bb.vc_custom_1584964641445{margin-top: 0px !important;padding-top: 10px !important;padding-bottom: 1px !important;background-color: #eeeeee !important;}\u00bb][vc_column][vc_column_text css=\u00bb\u00bb]<\/p>\n<h5 style=\"text-align: center;\">En e-retail advertising, trabajamos en equipo y nos involucramos en todo el proceso porque los objetivos de nuestros clientes, tambi\u00e9n son los nuestros.<\/h5>\n<p>[\/vc_column_text][\/vc_column][\/vc_row][vc_row full_width=\u00bbstretch_row\u00bb parallax_speed=\u00bb0.8&#8243; css=\u00bb.vc_custom_1473959610664{margin-bottom: 0px !important;padding-top: 30px !important;padding-bottom: 30px !important;background-color: #fafafa !important;}\u00bb enable_parallax=\u00bb\u00bb video_position=\u00bbtop\u00bb][vc_column thegem_content_alignment=\u00bbcenter\u00bb][vc_column_text css=\u00bb\u00bb]<\/p>\n<h3 style=\"text-align: center;\">Nuestros Clientes<\/h3>\n<p style=\"text-align: center;\">Conf\u00edan en nosotros<\/p>\n<p>[\/vc_column_text][vc_separator color=\u00bbcustom\u00bb border_width=\u00bb2&#8243; el_width=\u00bb20&#8243; css=\u00bb.vc_custom_1753345657435{margin-top: 30px !important;margin-bottom: 30px !important;}\u00bb accent_color=\u00bb#E81E75&#8243;][vc_images_carousel images=\u00bb2022,2021,2020,2019,2018,2017,2016,2015,2014,2013,2012,2011,2010,2009,2008&#8243; img_size=\u00bb\u00bb onclick=\u00bblink_no\u00bb speed=\u00bb4000&#8243; slides_per_view=\u00bb4&#8243; autoplay=\u00bbyes\u00bb hide_pagination_control=\u00bbyes\u00bb hide_prev_next_buttons=\u00bbyes\u00bb wrap=\u00bbyes\u00bb css=\u00bb\u00bb][\/vc_column][\/vc_row][vc_row full_width=\u00bbstretch_row\u00bb animation=\u00bbfadeIn\u00bb animation_delay=\u00bb0.2s\u00bb parallax_speed=\u00bb0.8&#8243; enable_parallax=\u00bb\u00bb video_position=\u00bbtop\u00bb css=\u00bb.vc_custom_1753349170586{margin-bottom: 0px !important;padding-top: 30px !important;padding-bottom: 30px !important;background: #e81e75 url(http:\/\/www.e-retailadvertising.com\/wp-content\/uploads\/2022\/01\/fondo_rosa.jpg?id=1958) !important;}\u00bb][vc_column][vc_column_text css=\u00bb\u00bb]<\/p>\n<h3 style=\"text-align: center; color: #efefef !important;\">Contacta con nosotros<br \/>\n<span style=\"font-weight: 400 !important; font-size: 24px!important;\">Publicidad online efectiva<\/span><\/h3>\n<p>[\/vc_column_text]<style type=\"text\/css\">.thegem-button-69ef2b5e5675d6507 .gem-button {font-size: 26px;padding-left: 30px;padding-right: 30px;}.thegem-button-69ef2b5e5675d6507 .gem-button svg {fill: #FFFFFF;}.thegem-button-69ef2b5e5675d6507 .gem-button:hover svg {fill: #E81E75;}<\/style><div class=\"gem-button-container gem-button-position-center thegem-button-69ef2b5e5675d6507    \"  ><a title=\"Contacto\" class=\"gem-button gem-button-size-large gem-button-style-flat gem-button-text-weight-normal\" data-ll-effect=\"drop-right-without-wrap\" style=\"border-radius: 3px;background-color: #313131;color: #FFFFFF;\" onmouseleave=\"this.style.backgroundColor='#313131';this.style.color='#FFFFFF';\" onmouseenter=\"this.style.color='#E81E75';\" href=\"https:\/\/www.e-retailadvertising.com\/index.php\/contact-us\/\" target=\"_self\">Cont\u00e1ctanos<\/a><\/div> [\/vc_column][\/vc_row]<\/p>\n<\/div>","protected":false},"excerpt":{"rendered":"<p>[vc_row full_width=\u00bbstretch_row_content\u00bb parallax_speed=\u00bb0.8&#8243; enable_parallax=\u00bb\u00bb video_position=\u00bbtop\u00bb css=\u00bb.vc_custom_1769614720583{padding-top: 0px !important;padding-bottom: 0px !important;background-color: #303030 !important;}\u00bb][vc_column animation=\u00bbrollIn\u00bb css=\u00bb.vc_custom_1753344705813{padding-top: 0px !important;padding-bottom: 0px !important;}\u00bb][\/vc_column][\/vc_row][vc_row full_width=\u00bbstretch_row\u00bb animation=\u00bbfadeIn\u00bb&#8230;<\/p>\n","protected":false},"author":2,"featured_media":0,"parent":0,"menu_order":0,"comment_status":"closed","ping_status":"closed","template":"","meta":{"footnotes":""},"class_list":["post-1797","page","type-page","status-publish"],"_links":{"self":[{"href":"https:\/\/www.e-retailadvertising.com\/index.php\/wp-json\/wp\/v2\/pages\/1797","targetHints":{"allow":["GET"]}}],"collection":[{"href":"https:\/\/www.e-retailadvertising.com\/index.php\/wp-json\/wp\/v2\/pages"}],"about":[{"href":"https:\/\/www.e-retailadvertising.com\/index.php\/wp-json\/wp\/v2\/types\/page"}],"author":[{"embeddable":true,"href":"https:\/\/www.e-retailadvertising.com\/index.php\/wp-json\/wp\/v2\/users\/2"}],"replies":[{"embeddable":true,"href":"https:\/\/www.e-retailadvertising.com\/index.php\/wp-json\/wp\/v2\/comments?post=1797"}],"version-history":[{"count":120,"href":"https:\/\/www.e-retailadvertising.com\/index.php\/wp-json\/wp\/v2\/pages\/1797\/revisions"}],"predecessor-version":[{"id":2412,"href":"https:\/\/www.e-retailadvertising.com\/index.php\/wp-json\/wp\/v2\/pages\/1797\/revisions\/2412"}],"wp:attachment":[{"href":"https:\/\/www.e-retailadvertising.com\/index.php\/wp-json\/wp\/v2\/media?parent=1797"}],"curies":[{"name":"wp","href":"https:\/\/api.w.org\/{rel}","templated":true}]}}